{"id":21,"date":"2021-04-24T16:38:07","date_gmt":"2021-04-24T19:38:07","guid":{"rendered":"http:\/\/camponesa.cestaagroecologica.com.br\/?page_id=21"},"modified":"2021-10-29T14:06:11","modified_gmt":"2021-10-29T17:06:11","slug":"quem-somos","status":"publish","type":"page","link":"https:\/\/camponesa.cestaagroecologica.com.br\/index.php\/quem-somos\/","title":{"rendered":"Quem somos"},"content":{"rendered":"\t\t<div data-elementor-type=\"wp-page\" data-elementor-id=\"21\" class=\"elementor elementor-21\">\n\t\t\t\t\t\t<section class=\"elementor-section elementor-top-section elementor-element elementor-element-0e5a068 elementor-section-boxed elementor-section-height-default elementor-section-height-default\" data-id=\"0e5a068\" data-element_type=\"section\" data-e-type=\"section\">\n\t\t\t\t\t\t<div class=\"elementor-container elementor-column-gap-default\">\n\t\t\t\t\t<div class=\"elementor-column elementor-col-100 elementor-top-column elementor-element elementor-element-25a87e1\" data-id=\"25a87e1\" data-element_type=\"column\" data-e-type=\"column\">\n\t\t\t<div class=\"elementor-widget-wrap elementor-element-populated\">\n\t\t\t\t\t\t<div class=\"elementor-element elementor-element-f3b181d elementor-widget elementor-widget-spacer\" data-id=\"f3b181d\" data-element_type=\"widget\" data-e-type=\"widget\" data-widget_type=\"spacer.default\">\n\t\t\t\t<div class=\"elementor-widget-container\">\n\t\t\t\t\t\t\t<div class=\"elementor-spacer\">\n\t\t\t<div class=\"elementor-spacer-inner\"><\/div>\n\t\t<\/div>\n\t\t\t\t\t\t<\/div>\n\t\t\t\t<\/div>\n\t\t\t\t<div class=\"elementor-element elementor-element-d4b359f elementor-widget elementor-widget-heading\" data-id=\"d4b359f\" data-element_type=\"widget\" data-e-type=\"widget\" data-widget_type=\"heading.default\">\n\t\t\t\t<div class=\"elementor-widget-container\">\n\t\t\t\t\t<h1 class=\"elementor-heading-title elementor-size-default\">Quem somos<\/h1>\t\t\t\t<\/div>\n\t\t\t\t<\/div>\n\t\t\t\t<div class=\"elementor-element elementor-element-b7c71fe elementor-widget elementor-widget-spacer\" data-id=\"b7c71fe\" data-element_type=\"widget\" data-e-type=\"widget\" data-widget_type=\"spacer.default\">\n\t\t\t\t<div class=\"elementor-widget-container\">\n\t\t\t\t\t\t\t<div class=\"elementor-spacer\">\n\t\t\t<div class=\"elementor-spacer-inner\"><\/div>\n\t\t<\/div>\n\t\t\t\t\t\t<\/div>\n\t\t\t\t<\/div>\n\t\t\t\t\t<\/div>\n\t\t<\/div>\n\t\t\t\t\t<\/div>\n\t\t<\/section>\n\t\t\t\t<section class=\"elementor-section elementor-top-section elementor-element elementor-element-a86d384 elementor-section-boxed elementor-section-height-default elementor-section-height-default\" data-id=\"a86d384\" data-element_type=\"section\" data-e-type=\"section\">\n\t\t\t\t\t\t<div class=\"elementor-container elementor-column-gap-default\">\n\t\t\t\t\t<div class=\"elementor-column elementor-col-50 elementor-top-column elementor-element elementor-element-336f765\" data-id=\"336f765\" data-element_type=\"column\" data-e-type=\"column\">\n\t\t\t<div class=\"elementor-widget-wrap elementor-element-populated\">\n\t\t\t\t\t\t<div class=\"elementor-element elementor-element-e28766f elementor-widget elementor-widget-image\" data-id=\"e28766f\" data-element_type=\"widget\" data-e-type=\"widget\" data-widget_type=\"image.default\">\n\t\t\t\t<div class=\"elementor-widget-container\">\n\t\t\t\t\t\t\t\t\t\t\t\t\t\t\t<img fetchpriority=\"high\" decoding=\"async\" width=\"640\" height=\"427\" src=\"https:\/\/camponesa.cestaagroecologica.com.br\/wp-content\/uploads\/2021\/10\/WhatsApp-Image-2021-10-13-at-10.42.44-768x512.jpeg\" class=\"attachment-medium_large size-medium_large wp-image-901\" alt=\"\" srcset=\"https:\/\/camponesa.cestaagroecologica.com.br\/wp-content\/uploads\/2021\/10\/WhatsApp-Image-2021-10-13-at-10.42.44-768x512.jpeg 768w, https:\/\/camponesa.cestaagroecologica.com.br\/wp-content\/uploads\/2021\/10\/WhatsApp-Image-2021-10-13-at-10.42.44-300x200.jpeg 300w, https:\/\/camponesa.cestaagroecologica.com.br\/wp-content\/uploads\/2021\/10\/WhatsApp-Image-2021-10-13-at-10.42.44-1024x682.jpeg 1024w, https:\/\/camponesa.cestaagroecologica.com.br\/wp-content\/uploads\/2021\/10\/WhatsApp-Image-2021-10-13-at-10.42.44-600x400.jpeg 600w, https:\/\/camponesa.cestaagroecologica.com.br\/wp-content\/uploads\/2021\/10\/WhatsApp-Image-2021-10-13-at-10.42.44.jpeg 1280w\" sizes=\"(max-width: 640px) 100vw, 640px\" \/>\t\t\t\t\t\t\t\t\t\t\t\t\t\t\t<\/div>\n\t\t\t\t<\/div>\n\t\t\t\t<div class=\"elementor-element elementor-element-a87c18f elementor-widget elementor-widget-spacer\" data-id=\"a87c18f\" data-element_type=\"widget\" data-e-type=\"widget\" data-widget_type=\"spacer.default\">\n\t\t\t\t<div class=\"elementor-widget-container\">\n\t\t\t\t\t\t\t<div class=\"elementor-spacer\">\n\t\t\t<div class=\"elementor-spacer-inner\"><\/div>\n\t\t<\/div>\n\t\t\t\t\t\t<\/div>\n\t\t\t\t<\/div>\n\t\t\t\t\t<\/div>\n\t\t<\/div>\n\t\t\t\t<div class=\"elementor-column elementor-col-50 elementor-top-column elementor-element elementor-element-6560485\" data-id=\"6560485\" data-element_type=\"column\" data-e-type=\"column\">\n\t\t\t<div class=\"elementor-widget-wrap elementor-element-populated\">\n\t\t\t\t\t\t<div class=\"elementor-element elementor-element-f35ac27 elementor-widget elementor-widget-heading\" data-id=\"f35ac27\" data-element_type=\"widget\" data-e-type=\"widget\" data-widget_type=\"heading.default\">\n\t\t\t\t<div class=\"elementor-widget-container\">\n\t\t\t\t\t<h2 class=\"elementor-heading-title elementor-size-default\">Sobre n\u00f3s<\/h2>\t\t\t\t<\/div>\n\t\t\t\t<\/div>\n\t\t\t\t<div class=\"elementor-element elementor-element-d6f07e8 elementor-widget elementor-widget-text-editor\" data-id=\"d6f07e8\" data-element_type=\"widget\" data-e-type=\"widget\" data-widget_type=\"text-editor.default\">\n\t\t\t\t<div class=\"elementor-widget-container\">\n\t\t\t\t\t\t\t\t\t<p style=\"text-align: center;\">A Cesta Camponesa de Alimentos Saud\u00e1veis \u00e9 uma experi\u00eancia desenvolvida pelo Movimento dos Pequenos Agricultores (MPA) em diversos estados brasileiros. Agora o MPA atrav\u00e9s do Mercado Popular de Alimentos, tr\u00e1s a Cesta Camponesa para o Munic\u00edpio de S\u00e3o Gabriel da Palha.<\/p><p style=\"text-align: center;\">Aliando-se ao MPA e \u00e0 Rede Bem Viver-ES, voc\u00ea n\u00e3o apenas apoia a economia local, o campesinato e a agroecologia, como tamb\u00e9m tem a oportunidade de integrar uma rede de apoio m\u00fatuo e de consumir produtos que contem hist\u00f3ria, sabor, qualidade, carinho e amor.<\/p><p style=\"text-align: center;\">N\u00e3o \u00e9 de S\u00e3o Gabriel da Palha? Entre em contato atrav\u00e9s das redes sociais e descubra onde comprar.<\/p><p style=\"text-align: center;\">O site foi constru\u00eddo com a assessoria do <a href=\"http:\/\/www.soltec.ufrj.br\/\">N\u00facleo Solidariedade T\u00e9cnica<\/a> do <a href=\"http:\/\/www.nides.ufrj.br\/\">NIDES\/UFRJ<\/a>, pela equipe do projeto <a href=\"http:\/\/nides.ufrj.br\/index.php\/projetos-soltec\/ticdemos\">TICDEMOS<\/a>.<\/p>\t\t\t\t\t\t\t\t<\/div>\n\t\t\t\t<\/div>\n\t\t\t\t<div class=\"elementor-element elementor-element-f131577 elementor-widget elementor-widget-spacer\" data-id=\"f131577\" data-element_type=\"widget\" data-e-type=\"widget\" data-widget_type=\"spacer.default\">\n\t\t\t\t<div class=\"elementor-widget-container\">\n\t\t\t\t\t\t\t<div class=\"elementor-spacer\">\n\t\t\t<div class=\"elementor-spacer-inner\"><\/div>\n\t\t<\/div>\n\t\t\t\t\t\t<\/div>\n\t\t\t\t<\/div>\n\t\t\t\t\t<\/div>\n\t\t<\/div>\n\t\t\t\t\t<\/div>\n\t\t<\/section>\n\t\t\t\t<\/div>\n\t\t","protected":false},"excerpt":{"rendered":"<p>Quem somos Sobre n\u00f3s A Cesta Camponesa de Alimentos Saud\u00e1veis \u00e9 uma experi\u00eancia desenvolvida pelo Movimento dos Pequenos Agricultores (MPA) em diversos estados brasileiros. Agora o MPA atrav\u00e9s do Mercado Popular de Alimentos, tr\u00e1s a Cesta Camponesa para o Munic\u00edpio de S\u00e3o Gabriel da Palha. Aliando-se ao MPA e \u00e0 Rede Bem Viver-ES, voc\u00ea n\u00e3o [&hellip;]<\/p>\n","protected":false},"author":4,"featured_media":0,"parent":0,"menu_order":4,"comment_status":"closed","ping_status":"closed","template":"","meta":{"footnotes":""},"class_list":["post-21","page","type-page","status-publish","hentry","zita-woo-hover-","zita-shadow-","zita-shadow-hover-","zita-single-product-content-left","zita-single-product-tab-"],"_links":{"self":[{"href":"https:\/\/camponesa.cestaagroecologica.com.br\/index.php\/wp-json\/wp\/v2\/pages\/21","targetHints":{"allow":["GET"]}}],"collection":[{"href":"https:\/\/camponesa.cestaagroecologica.com.br\/index.php\/wp-json\/wp\/v2\/pages"}],"about":[{"href":"https:\/\/camponesa.cestaagroecologica.com.br\/index.php\/wp-json\/wp\/v2\/types\/page"}],"author":[{"embeddable":true,"href":"https:\/\/camponesa.cestaagroecologica.com.br\/index.php\/wp-json\/wp\/v2\/users\/4"}],"replies":[{"embeddable":true,"href":"https:\/\/camponesa.cestaagroecologica.com.br\/index.php\/wp-json\/wp\/v2\/comments?post=21"}],"version-history":[{"count":42,"href":"https:\/\/camponesa.cestaagroecologica.com.br\/index.php\/wp-json\/wp\/v2\/pages\/21\/revisions"}],"predecessor-version":[{"id":1178,"href":"https:\/\/camponesa.cestaagroecologica.com.br\/index.php\/wp-json\/wp\/v2\/pages\/21\/revisions\/1178"}],"wp:attachment":[{"href":"https:\/\/camponesa.cestaagroecologica.com.br\/index.php\/wp-json\/wp\/v2\/media?parent=21"}],"curies":[{"name":"wp","href":"https:\/\/api.w.org\/{rel}","templated":true}]}}