{"id":3,"date":"2021-02-23T15:32:11","date_gmt":"2021-02-23T18:32:11","guid":{"rendered":"http:\/\/camponesa.cestaagroecologica.com.br\/?page_id=3"},"modified":"2021-06-22T19:08:19","modified_gmt":"2021-06-22T22:08:19","slug":"politica-de-privacidade","status":"publish","type":"page","link":"https:\/\/camponesa.cestaagroecologica.com.br\/index.php\/politica-de-privacidade\/","title":{"rendered":"Pol\u00edtica de privacidade"},"content":{"rendered":"\t\t<div data-elementor-type=\"wp-page\" data-elementor-id=\"3\" class=\"elementor elementor-3\">\n\t\t\t\t\t\t<section class=\"elementor-section elementor-top-section elementor-element elementor-element-71c8ce3 elementor-section-boxed elementor-section-height-default elementor-section-height-default\" data-id=\"71c8ce3\" data-element_type=\"section\" data-e-type=\"section\">\n\t\t\t\t\t\t<div class=\"elementor-container elementor-column-gap-default\">\n\t\t\t\t\t<div class=\"elementor-column elementor-col-100 elementor-top-column elementor-element elementor-element-d8afccb\" data-id=\"d8afccb\" data-element_type=\"column\" data-e-type=\"column\">\n\t\t\t<div class=\"elementor-widget-wrap elementor-element-populated\">\n\t\t\t\t\t\t<div class=\"elementor-element elementor-element-2813550 elementor-widget elementor-widget-heading\" data-id=\"2813550\" data-element_type=\"widget\" data-e-type=\"widget\" data-widget_type=\"heading.default\">\n\t\t\t\t<div class=\"elementor-widget-container\">\n\t\t\t\t\t<h2 class=\"elementor-heading-title elementor-size-default\">Pol\u00edtica de privacidade<\/h2>\t\t\t\t<\/div>\n\t\t\t\t<\/div>\n\t\t\t\t\t<\/div>\n\t\t<\/div>\n\t\t\t\t\t<\/div>\n\t\t<\/section>\n\t\t\t\t<section class=\"elementor-section elementor-top-section elementor-element elementor-element-90cd01c elementor-section-boxed elementor-section-height-default elementor-section-height-default\" data-id=\"90cd01c\" data-element_type=\"section\" data-e-type=\"section\">\n\t\t\t\t\t\t<div class=\"elementor-container elementor-column-gap-default\">\n\t\t\t\t\t<div class=\"elementor-column elementor-col-100 elementor-top-column elementor-element elementor-element-19a5b2c\" data-id=\"19a5b2c\" data-element_type=\"column\" data-e-type=\"column\">\n\t\t\t<div class=\"elementor-widget-wrap elementor-element-populated\">\n\t\t\t\t\t\t<div class=\"elementor-element elementor-element-e9bc52c elementor-widget elementor-widget-text-editor\" data-id=\"e9bc52c\" data-element_type=\"widget\" data-e-type=\"widget\" data-widget_type=\"text-editor.default\">\n\t\t\t\t<div class=\"elementor-widget-container\">\n\t\t\t\t\t\t\t\t\t<p>A\u00a0<b>Rede Bem Viver-ES<\/b>\u00a0tem o compromisso com a privacidade e a seguran\u00e7a de seus PARCEIROS(AS) durante todo o processo de navega\u00e7\u00e3o e compra pelo site. Os dados cadastrais dos clientes n\u00e3o s\u00e3o vendidos, trocados ou divulgados para terceiros, exceto quando essas informa\u00e7\u00f5es s\u00e3o necess\u00e1rias para o processo de entrega, para cobran\u00e7a, ou para participa\u00e7\u00e3o em promo\u00e7\u00f5es solicitadas pelos clientes. Seus dados pessoais s\u00e3o pe\u00e7a fundamental para que seu pedido chegue em seguran\u00e7a, na sua casa, de acordo com nosso prazo de entrega.<\/p><p>O site\u00a0<b>cestacamponesa-es<\/b>\u00a0utiliza informa\u00e7\u00f5es de sua navega\u00e7\u00e3o (sess\u00e3o do browser) com o objetivo de tra\u00e7ar um perfil do p\u00fablico que visita o site e aperfei\u00e7oar sempre nossos servi\u00e7os, produtos, conte\u00fados e garantir as melhores ofertas e promo\u00e7\u00f5es para voc\u00ea. Durante todo este processo mantemos suas informa\u00e7\u00f5es em sigilo absoluto. Vale lembrar que seus dados s\u00e3o registrados pela Rede Bem Viver-ES de forma automatizada, dispensando manipula\u00e7\u00e3o humana.<\/p><p>Para que estes dados permane\u00e7am intactos, n\u00f3s desaconselhamos expressamente a divulga\u00e7\u00e3o de sua senha a terceiros, mesmo a amigos e parentes.<\/p><p>\u00a0<\/p><p>As altera\u00e7\u00f5es sobre nossa pol\u00edtica de privacidade ser\u00e3o devidamente informadas neste espa\u00e7o.<\/p>\t\t\t\t\t\t\t\t<\/div>\n\t\t\t\t<\/div>\n\t\t\t\t\t<\/div>\n\t\t<\/div>\n\t\t\t\t\t<\/div>\n\t\t<\/section>\n\t\t\t\t<\/div>\n\t\t","protected":false},"excerpt":{"rendered":"<p>Pol\u00edtica de privacidade A&nbsp;Rede Bem Viver-ES&nbsp;tem o compromisso com a privacidade e a seguran\u00e7a de seus PARCEIROS(AS) durante todo o processo de navega\u00e7\u00e3o e compra pelo site. Os dados cadastrais dos clientes n\u00e3o s\u00e3o vendidos, trocados ou divulgados para terceiros, exceto quando essas informa\u00e7\u00f5es s\u00e3o necess\u00e1rias para o processo de entrega, para cobran\u00e7a, ou para [&hellip;]<\/p>\n","protected":false},"author":1,"featured_media":0,"parent":0,"menu_order":0,"comment_status":"closed","ping_status":"closed","template":"","meta":{"footnotes":""},"class_list":["post-3","page","type-page","status-publish","hentry","zita-woo-hover-","zita-shadow-","zita-shadow-hover-","zita-single-product-content-left","zita-single-product-tab-"],"_links":{"self":[{"href":"https:\/\/camponesa.cestaagroecologica.com.br\/index.php\/wp-json\/wp\/v2\/pages\/3","targetHints":{"allow":["GET"]}}],"collection":[{"href":"https:\/\/camponesa.cestaagroecologica.com.br\/index.php\/wp-json\/wp\/v2\/pages"}],"about":[{"href":"https:\/\/camponesa.cestaagroecologica.com.br\/index.php\/wp-json\/wp\/v2\/types\/page"}],"author":[{"embeddable":true,"href":"https:\/\/camponesa.cestaagroecologica.com.br\/index.php\/wp-json\/wp\/v2\/users\/1"}],"replies":[{"embeddable":true,"href":"https:\/\/camponesa.cestaagroecologica.com.br\/index.php\/wp-json\/wp\/v2\/comments?post=3"}],"version-history":[{"count":11,"href":"https:\/\/camponesa.cestaagroecologica.com.br\/index.php\/wp-json\/wp\/v2\/pages\/3\/revisions"}],"predecessor-version":[{"id":358,"href":"https:\/\/camponesa.cestaagroecologica.com.br\/index.php\/wp-json\/wp\/v2\/pages\/3\/revisions\/358"}],"wp:attachment":[{"href":"https:\/\/camponesa.cestaagroecologica.com.br\/index.php\/wp-json\/wp\/v2\/media?parent=3"}],"curies":[{"name":"wp","href":"https:\/\/api.w.org\/{rel}","templated":true}]}}