{"id":1134,"date":"2021-10-29T08:35:37","date_gmt":"2021-10-29T11:35:37","guid":{"rendered":"https:\/\/camponesa.cestaagroecologica.com.br\/?post_type=product&#038;p=1134"},"modified":"2021-10-29T08:36:36","modified_gmt":"2021-10-29T11:36:36","slug":"pepino-500g","status":"publish","type":"product","link":"https:\/\/camponesa.cestaagroecologica.com.br\/index.php\/produto\/pepino-500g\/","title":{"rendered":"Pepino (500g)"},"content":{"rendered":"<p>Transi\u00e7\u00e3o Agroecol\u00f3gica<\/p>\n","protected":false},"excerpt":{"rendered":"<p>Transi\u00e7\u00e3o Agroecol\u00f3gica<\/p>\n","protected":false},"featured_media":1135,"template":"","meta":[],"product_brand":[],"product_cat":[35],"product_tag":[],"class_list":{"0":"post-1134","1":"product","2":"type-product","3":"status-publish","4":"has-post-thumbnail","6":"product_cat-legumes","7":"zita-woo-hover-","8":"zita-shadow-","9":"zita-shadow-hover-","10":"zita-single-product-content-left","11":"zita-single-product-tab-","13":"first","14":"instock","15":"taxable","16":"shipping-taxable","17":"product-type-simple"},"_links":{"self":[{"href":"https:\/\/camponesa.cestaagroecologica.com.br\/index.php\/wp-json\/wp\/v2\/product\/1134","targetHints":{"allow":["GET"]}}],"collection":[{"href":"https:\/\/camponesa.cestaagroecologica.com.br\/index.php\/wp-json\/wp\/v2\/product"}],"about":[{"href":"https:\/\/camponesa.cestaagroecologica.com.br\/index.php\/wp-json\/wp\/v2\/types\/product"}],"wp:featuredmedia":[{"embeddable":true,"href":"https:\/\/camponesa.cestaagroecologica.com.br\/index.php\/wp-json\/wp\/v2\/media\/1135"}],"wp:attachment":[{"href":"https:\/\/camponesa.cestaagroecologica.com.br\/index.php\/wp-json\/wp\/v2\/media?parent=1134"}],"wp:term":[{"taxonomy":"product_brand","embeddable":true,"href":"https:\/\/camponesa.cestaagroecologica.com.br\/index.php\/wp-json\/wp\/v2\/product_brand?post=1134"},{"taxonomy":"product_cat","embeddable":true,"href":"https:\/\/camponesa.cestaagroecologica.com.br\/index.php\/wp-json\/wp\/v2\/product_cat?post=1134"},{"taxonomy":"product_tag","embeddable":true,"href":"https:\/\/camponesa.cestaagroecologica.com.br\/index.php\/wp-json\/wp\/v2\/product_tag?post=1134"}],"curies":[{"name":"wp","href":"https:\/\/api.w.org\/{rel}","templated":true}]}}